
{"id":1691,"date":"2021-02-17T08:31:04","date_gmt":"2021-02-17T08:31:04","guid":{"rendered":"https:\/\/es-wordpress.fbk.eu\/?page_id=1691"},"modified":"2021-02-17T08:37:25","modified_gmt":"2021-02-17T08:37:25","slug":"publications","status":"publish","type":"page","link":"https:\/\/es.fbk.eu\/index.php\/publications\/","title":{"rendered":"Publications"},"content":{"rendered":"[et_pb_section admin_label=&#8221;section&#8221;]\n\t\t\t[et_pb_row admin_label=&#8221;row&#8221;]\n\t\t\t\t[et_pb_column type=&#8221;4_4&#8243;][et_pb_text admin_label=&#8221;Text&#8221;]\n        <ol class='block-publications' start='1'>\n            <li>\n\n        <div class=\"stringa_autori\"><span class=\"prefix\"><\/span><span class=\"value\">Cimatti, Alessandro; Geatti, Luca; Gigante, Nicola; Montanari, Angelo; Tonetta, Stefano<\/span><span class=\"suffix\">, <\/span><\/div>\n        <div class=\"titolo\"><span class=\"prefix\"><\/span><span class=\"value\"><a href='https:\/\/www.sciencedirect.com\/science\/article\/abs\/pii\/S002001902200076X'>GR(1) is equivalent to R(1)<\/a><\/span><span class=\"suffix\">, <\/span><\/div><div class=\"titolo_ufficiale\"><span class=\"prefix\">in \u00ab<\/span><span class=\"value\">INFORMATION PROCESSING LETTERS<\/span><span class=\"suffix\">\u00bb, <\/span><\/div><div class=\"volume\"><span class=\"prefix\">vol. <\/span><span class=\"value\">179<\/span><span class=\"suffix\">, <\/span><\/div><div class=\"anno\"><span class=\"prefix\"><\/span><span class=\"value\">2023<\/span><span class=\"suffix\"><\/span><\/div>\n    <\/li>\n        <li>\n\n        <div class=\"stringa_autori\"><span class=\"prefix\"><\/span><span class=\"value\">Lal, Akash; Tonetta, Stefano<\/span><span class=\"suffix\">, <\/span><\/div>\n        <div class=\"titolo\"><span class=\"prefix\"><\/span><span class=\"value\"><a href='https:\/\/link.springer.com\/book\/10.1007\/978-3-031-25803-9'>Verified Software. Theories, Tools and Experiments &#8211; 14th International Conference, VSTTE 2022, Trento, Italy, October 17-18, 2022, Revised Selected Papers<\/a><\/span><span class=\"suffix\">, <\/span><\/div><div class=\"nome_editore\"><span class=\"prefix\"><\/span><span class=\"value\">Springer<\/span><span class=\"suffix\">, <\/span><\/div><div class=\"volume\"><span class=\"prefix\">vol. <\/span><span class=\"value\">13800<\/span><span class=\"suffix\">, <\/span><\/div><div class=\"anno\"><span class=\"prefix\"><\/span><span class=\"value\">2023<\/span><span class=\"suffix\"><\/span><\/div>\n    <\/li>\n        <li>\n\n        <div class=\"stringa_autori\"><span class=\"prefix\"><\/span><span class=\"value\">Panjkovic, Stefan; Micheli, Andrea<\/span><span class=\"suffix\">, <\/span><\/div>\n        <div class=\"titolo\"><span class=\"prefix\"><\/span><span class=\"value\">Expressive Optimal Temporal Planning via Optimization Modulo Theory<\/span><span class=\"suffix\">, <\/span><\/div><div class=\"titolo_libro\"><span class=\"prefix\"><\/span><span class=\"value\">Proceedings of the Thirty-Seventh AAAI Conference on Artificial Intelligence, AAAI2023<\/span><span class=\"suffix\">, <\/span><\/div><div class=\"anno\"><span class=\"prefix\"><\/span><span class=\"value\">2023<\/span><span class=\"suffix\"><\/span><\/div>\n    <\/li>\n        <li>\n\n        <div class=\"stringa_autori\"><span class=\"prefix\"><\/span><span class=\"value\">Bozzano, Marco; Cimatti, Alessandro; Tonetta, Stefano; Voz\u00e1rov\u00e1, Vikt\u00f3ria<\/span><span class=\"suffix\">, <\/span><\/div>\n        <div class=\"titolo\"><span class=\"prefix\"><\/span><span class=\"value\"><a href='https:\/\/link.springer.com\/chapter\/10.1007\/978-3-030-99524-9_30'>Searching for Ribbon-Shaped Paths in Fair Transition Systems<\/a><\/span><span class=\"suffix\">, <\/span><\/div><div class=\"titolo_libro\"><span class=\"prefix\"><\/span><span class=\"value\">28th International Conference on Tools and Algorithms for the Construction and Analysis of Systems<\/span><span class=\"suffix\">, <\/span><\/div><div class=\"anno\"><span class=\"prefix\"><\/span><span class=\"value\">2022<\/span><span class=\"suffix\"><\/span><\/div><div class=\"pag_inizio\"><span class=\"prefix\">, pp. <\/span><span class=\"value\">543<\/span><span class=\"suffix\">-<\/span><\/div><div class=\"pag_fine\"><span class=\"prefix\"><\/span><span class=\"value\">560<\/span><span class=\"suffix\"><\/span><\/div>\n    <\/li>\n        <li>\n\n        <div class=\"stringa_autori\"><span class=\"prefix\"><\/span><span class=\"value\">Bozzano, Marco; Cimatti, Alessandro; Griggio, Alberto; Jonas, Martin<\/span><span class=\"suffix\">, <\/span><\/div>\n        <div class=\"titolo\"><span class=\"prefix\"><\/span><span class=\"value\"><a href='https:\/\/link.springer.com\/chapter\/10.1007\/978-3-030-99527-0_15'>Efficient Analysis of Cyclic Redundancy Architectures via Boolean Fault Propagation<\/a><\/span><span class=\"suffix\">, <\/span><\/div><div class=\"titolo_libro\"><span class=\"prefix\"><\/span><span class=\"value\">Tools and Algorithms for the Construction and Analysis of Systems, 28th International Conference, TACAS 2022<\/span><span class=\"suffix\">, <\/span><\/div><div class=\"nome_editore\"><span class=\"prefix\"><\/span><span class=\"value\">Spinger<\/span><span class=\"suffix\">, <\/span><\/div><div class=\"anno\"><span class=\"prefix\"><\/span><span class=\"value\">2022<\/span><span class=\"suffix\"><\/span><\/div><div class=\"pag_inizio\"><span class=\"prefix\">, pp. <\/span><span class=\"value\">273<\/span><span class=\"suffix\">-<\/span><\/div><div class=\"pag_fine\"><span class=\"prefix\"><\/span><span class=\"value\">291<\/span><span class=\"suffix\"><\/span><\/div>\n    <\/li>\n        <li>\n\n        <div class=\"stringa_autori\"><span class=\"prefix\"><\/span><span class=\"value\">Panjkovic, Stefan; Micheli, Andrea; Cimatti, Alessandro<\/span><span class=\"suffix\">, <\/span><\/div>\n        <div class=\"titolo\"><span class=\"prefix\"><\/span><span class=\"value\"><a href='https:\/\/www.aaai.org\/AAAI22Papers\/AAAI-8611.PanjkovicS.pdf'>Deciding Unsolvability in Temporal Planning under Action Non-Self-Overlapping<\/a><\/span><span class=\"suffix\">, <\/span><\/div><div class=\"titolo_libro\"><span class=\"prefix\"><\/span><span class=\"value\">Proceedings of the Thirty-Sixth AAAI Conference on Artificial Intelligence, AAAI2022<\/span><span class=\"suffix\">, <\/span><\/div><div class=\"anno\"><span class=\"prefix\"><\/span><span class=\"value\">2022<\/span><span class=\"suffix\"><\/span><\/div>\n    <\/li>\n        <li>\n\n        <div class=\"stringa_autori\"><span class=\"prefix\"><\/span><span class=\"value\">Bittner, Benjamin; Bozzano, Marco; Cimatti, Alessandro; Gario, Marco Elio Gustavo; Tonetta, Stefano; Voz\u00e1rov\u00e1, Vikt\u00f3ria<\/span><span class=\"suffix\">, <\/span><\/div>\n        <div class=\"titolo\"><span class=\"prefix\"><\/span><span class=\"value\"><a href='https:\/\/www.sciencedirect.com\/science\/article\/abs\/pii\/S0004370222000650'>Diagnosability of fair transition systems<\/a><\/span><span class=\"suffix\">, <\/span><\/div><div class=\"titolo_ufficiale\"><span class=\"prefix\">in \u00ab<\/span><span class=\"value\">ARTIFICIAL INTELLIGENCE<\/span><span class=\"suffix\">\u00bb, <\/span><\/div><div class=\"volume\"><span class=\"prefix\">vol. <\/span><span class=\"value\">309<\/span><span class=\"suffix\">, <\/span><\/div><div class=\"anno\"><span class=\"prefix\"><\/span><span class=\"value\">2022<\/span><span class=\"suffix\"><\/span><\/div>\n    <\/li>\n        <li>\n\n        <div class=\"stringa_autori\"><span class=\"prefix\"><\/span><span class=\"value\">Tierno, A.; Turri, G.; Cimatti, A.; Passerone, R.<\/span><span class=\"suffix\">, <\/span><\/div>\n        <div class=\"titolo\"><span class=\"prefix\"><\/span><span class=\"value\"><a href='https:\/\/link.springer.com\/chapter\/10.1007\/978-3-030-95498-7_21'>Automatic Design Space Exploration of Redundant Architectures<\/a><\/span><span class=\"suffix\">, <\/span><\/div><div class=\"titolo_libro\"><span class=\"prefix\"><\/span><span class=\"value\">Proceedings of International Conference on Applications in Electronics Pervading Industry, Environment and Society<\/span><span class=\"suffix\">, <\/span><\/div><div class=\"volume\"><span class=\"prefix\">vol. <\/span><span class=\"value\">866<\/span><span class=\"suffix\">, <\/span><\/div><div class=\"anno\"><span class=\"prefix\"><\/span><span class=\"value\">2022<\/span><span class=\"suffix\"><\/span><\/div><div class=\"pag_inizio\"><span class=\"prefix\">, pp. <\/span><span class=\"value\">149<\/span><span class=\"suffix\">-<\/span><\/div><div class=\"pag_fine\"><span class=\"prefix\"><\/span><span class=\"value\">159<\/span><span class=\"suffix\"><\/span><\/div>\n    <\/li>\n        <li>\n\n        <div class=\"stringa_autori\"><span class=\"prefix\"><\/span><span class=\"value\">Stefenon, Stefano Frizzo; Singh, Gurmail; Yow, Kin-Choong; Cimatti, Alessandro<\/span><span class=\"suffix\">, <\/span><\/div>\n        <div class=\"titolo\"><span class=\"prefix\"><\/span><span class=\"value\"><a href='https:\/\/www.mdpi.com\/1424-8220\/22\/13\/4859'>Semi-ProtoPNet Deep Neural Network for the Classification of Defective Power Grid Distribution Structures<\/a><\/span><span class=\"suffix\">, <\/span><\/div><div class=\"titolo_ufficiale\"><span class=\"prefix\">in \u00ab<\/span><span class=\"value\">SENSORS<\/span><span class=\"suffix\">\u00bb, <\/span><\/div><div class=\"volume\"><span class=\"prefix\">vol. <\/span><span class=\"value\">22<\/span><span class=\"suffix\">, <\/span><\/div><div class=\"fascicolo\"><span class=\"prefix\">n. <\/span><span class=\"value\">13<\/span><span class=\"suffix\">, <\/span><\/div><div class=\"anno\"><span class=\"prefix\"><\/span><span class=\"value\">2022<\/span><span class=\"suffix\"><\/span><\/div><div class=\"pag_inizio\"><span class=\"prefix\">, pp. <\/span><span class=\"value\">4859<\/span><span class=\"suffix\">-<\/span><\/div>\n    <\/li>\n        <li>\n\n        <div class=\"stringa_autori\"><span class=\"prefix\"><\/span><span class=\"value\">Cimatti, A.; Geatti, Luca; Gigante, Nicola; Montanari, Angelo; Tonetta, Stefano<\/span><span class=\"suffix\">, <\/span><\/div>\n        <div class=\"titolo\"><span class=\"prefix\"><\/span><span class=\"value\"><a href='https:\/\/doi.org\/10.1007\/978-3-030-99253-8_13'>A first-order logic characterisation of safety and co-safety languages<\/a><\/span><span class=\"suffix\">, <\/span><\/div><div class=\"titolo_libro\"><span class=\"prefix\"><\/span><span class=\"value\">Foundations of Software Science and Computation Structures - 25th International Conference, FOSSACS 2022, Held as Part of the EuropeanJoint Conferences on Theory and Practice of Software, ETAPS 2022<\/span><span class=\"suffix\">, <\/span><\/div><div class=\"nome_editore\"><span class=\"prefix\"><\/span><span class=\"value\">Springer<\/span><span class=\"suffix\">, <\/span><\/div><div class=\"volume\"><span class=\"prefix\">vol. <\/span><span class=\"value\">13242<\/span><span class=\"suffix\">, <\/span><\/div><div class=\"anno\"><span class=\"prefix\"><\/span><span class=\"value\">2022<\/span><span class=\"suffix\"><\/span><\/div><div class=\"pag_inizio\"><span class=\"prefix\">, pp. <\/span><span class=\"value\">244<\/span><span class=\"suffix\">-<\/span><\/div><div class=\"pag_fine\"><span class=\"prefix\"><\/span><span class=\"value\">263<\/span><span class=\"suffix\"><\/span><\/div>\n    <\/li>\n        <li>\n\n        <div class=\"stringa_autori\"><span class=\"prefix\"><\/span><span class=\"value\">Amendola, Arturo; Becchi, Anna; Cavada, Roberto; Cimatti, Alessandro; Ferrando, Andrea; Pilati, Lorenzo; Scaglione, Giuseppe; Tacchella, Alberto; Zamboni, Marco<\/span><span class=\"suffix\">, <\/span><\/div>\n        <div class=\"titolo\"><span class=\"prefix\"><\/span><span class=\"value\"><a href='https:\/\/link.springer.com\/chapter\/10.1007\/978-3-030-99524-9_7'>NORMA: a tool for the analysis of Relay-based Railway Interlocking Systems<\/a><\/span><span class=\"suffix\">, <\/span><\/div><div class=\"titolo_libro\"><span class=\"prefix\"><\/span><span class=\"value\">Tools and Algorithms for the Construction and Analysis of Systems<\/span><span class=\"suffix\">, <\/span><\/div><div class=\"volume\"><span class=\"prefix\">vol. <\/span><span class=\"value\">13243<\/span><span class=\"suffix\">, <\/span><\/div><div class=\"anno\"><span class=\"prefix\"><\/span><span class=\"value\">2022<\/span><span class=\"suffix\"><\/span><\/div><div class=\"pag_inizio\"><span class=\"prefix\">, pp. <\/span><span class=\"value\">125<\/span><span class=\"suffix\">-<\/span><\/div><div class=\"pag_fine\"><span class=\"prefix\"><\/span><span class=\"value\">142<\/span><span class=\"suffix\"><\/span><\/div>\n    <\/li>\n        <li>\n\n        <div class=\"stringa_autori\"><span class=\"prefix\"><\/span><span class=\"value\">Becchi, Anna; Cimatti, Alessandro<\/span><span class=\"suffix\">, <\/span><\/div>\n        <div class=\"titolo\"><span class=\"prefix\"><\/span><span class=\"value\"><a href='https:\/\/link.springer.com\/chapter\/10.1007\/978-3-031-13185-1_23'>Abstraction Modulo Stability for\u00a0Reverse Engineering<\/a><\/span><span class=\"suffix\">, <\/span><\/div><div class=\"titolo_libro\"><span class=\"prefix\"><\/span><span class=\"value\">Computer Aided Verification - 34th International Conference, CAV 2022, Proceedings, Part I<\/span><span class=\"suffix\">, <\/span><\/div><div class=\"volume\"><span class=\"prefix\">vol. <\/span><span class=\"value\">13371<\/span><span class=\"suffix\">, <\/span><\/div><div class=\"anno\"><span class=\"prefix\"><\/span><span class=\"value\">2022<\/span><span class=\"suffix\"><\/span><\/div><div class=\"pag_inizio\"><span class=\"prefix\">, pp. <\/span><span class=\"value\">469<\/span><span class=\"suffix\">-<\/span><\/div><div class=\"pag_fine\"><span class=\"prefix\"><\/span><span class=\"value\">489<\/span><span class=\"suffix\"><\/span><\/div>\n    <\/li>\n        <li>\n\n        <div class=\"stringa_autori\"><span class=\"prefix\"><\/span><span class=\"value\">Bozzano, Marco; Cimatti, Alessandro; Griggio, Alberto; Jonas, Martin; Kimberly, Greg<\/span><span class=\"suffix\">, <\/span><\/div>\n        <div class=\"titolo\"><span class=\"prefix\"><\/span><span class=\"value\"><a href='https:\/\/link.springer.com\/chapter\/10.1007\/978-3-031-15707-3_36'>Analysis of Cyclic Fault Propagation via ASP<\/a><\/span><span class=\"suffix\">, <\/span><\/div><div class=\"titolo_libro\"><span class=\"prefix\"><\/span><span class=\"value\">Logic Programming and Nonmonotonic Reasoning - 16th International Conference, LPNMR 2022, Genova, Italy, September 5-9, 2022, Proceedings<\/span><span class=\"suffix\">, <\/span><\/div><div class=\"volume\"><span class=\"prefix\">vol. <\/span><span class=\"value\">13416<\/span><span class=\"suffix\">, <\/span><\/div><div class=\"anno\"><span class=\"prefix\"><\/span><span class=\"value\">2022<\/span><span class=\"suffix\"><\/span><\/div><div class=\"pag_inizio\"><span class=\"prefix\">, pp. <\/span><span class=\"value\">470<\/span><span class=\"suffix\">-<\/span><\/div><div class=\"pag_fine\"><span class=\"prefix\"><\/span><span class=\"value\">483<\/span><span class=\"suffix\"><\/span><\/div>\n    <\/li>\n        <li>\n\n        <div class=\"stringa_autori\"><span class=\"prefix\"><\/span><span class=\"value\">Cimatti, Alessandro; Griggio, Alberto; Magnago, Enrico<\/span><span class=\"suffix\">, <\/span><\/div>\n        <div class=\"titolo\"><span class=\"prefix\"><\/span><span class=\"value\"><a href='https:\/\/www.sciencedirect.com\/science\/article\/abs\/pii\/S0890540122001328'>LTL falsification in infinite-state systems<\/a><\/span><span class=\"suffix\">, <\/span><\/div><div class=\"titolo_ufficiale\"><span class=\"prefix\">in \u00ab<\/span><span class=\"value\">INFORMATION AND COMPUTATION<\/span><span class=\"suffix\">\u00bb, <\/span><\/div><div class=\"volume\"><span class=\"prefix\">vol. <\/span><span class=\"value\">289<\/span><span class=\"suffix\">, <\/span><\/div><div class=\"anno\"><span class=\"prefix\"><\/span><span class=\"value\">2022<\/span><span class=\"suffix\"><\/span><\/div><div class=\"pag_inizio\"><span class=\"prefix\">, pp. <\/span><span class=\"value\">104977<\/span><span class=\"suffix\">-<\/span><\/div>\n    <\/li>\n        <li>\n\n        <div class=\"stringa_autori\"><span class=\"prefix\"><\/span><span class=\"value\">Bombardelli, Alberto; Bozzano, Marco; Cavada, Roberto; Cimatti, Alessandro; Griggio, Alberto; Nazaria, Massimo; Nicolodi, Edoardo; Tonetta, Stefano<\/span><span class=\"suffix\">, <\/span><\/div>\n        <div class=\"titolo\"><span class=\"prefix\"><\/span><span class=\"value\"><a href='https:\/\/link.springer.com\/chapter\/10.1007\/978-3-031-15842-1_2'>COMPASTA: Extending TASTE with Formal Design and Verification Functionality<\/a><\/span><span class=\"suffix\">, <\/span><\/div><div class=\"titolo_libro\"><span class=\"prefix\"><\/span><span class=\"value\">Model-Based Safety and Assessment<\/span><span class=\"suffix\">, <\/span><\/div><div class=\"volume\"><span class=\"prefix\">vol. <\/span><span class=\"value\">13525<\/span><span class=\"suffix\">, <\/span><\/div><div class=\"anno\"><span class=\"prefix\"><\/span><span class=\"value\">2022<\/span><span class=\"suffix\"><\/span><\/div><div class=\"pag_inizio\"><span class=\"prefix\">, pp. <\/span><span class=\"value\">21<\/span><span class=\"suffix\">-<\/span><\/div><div class=\"pag_fine\"><span class=\"prefix\"><\/span><span class=\"value\">27<\/span><span class=\"suffix\"><\/span><\/div>\n    <\/li>\n        <li>\n\n        <div class=\"stringa_autori\"><span class=\"prefix\"><\/span><span class=\"value\">Amendola, Arturo; Barruffo, Lorenzo; Bozzano, Marco; Cimatti, Alessandro; De Simone, Salvatore; Fedeli, Eugenio; Gabbasov, Artem; Ernesto Garrubba, Domenico; Girardi, Massimiliano; Serra, Diana; Tiella, Roberto; Zampedri, Gianni<\/span><span class=\"suffix\">, <\/span><\/div>\n        <div class=\"titolo\"><span class=\"prefix\"><\/span><span class=\"value\"><a href='https:\/\/link.springer.com\/chapter\/10.1007\/978-3-031-05814-1_12'>Formal Design and Validation of an Automatic Train Operation Control System<\/a><\/span><span class=\"suffix\">, <\/span><\/div><div class=\"titolo_libro\"><span class=\"prefix\"><\/span><span class=\"value\">Reliability, Safety, and Security of Railway Systems. Modelling, Analysis, Verification, and Certification<\/span><span class=\"suffix\">, <\/span><\/div><div class=\"volume\"><span class=\"prefix\">vol. <\/span><span class=\"value\">13294<\/span><span class=\"suffix\">, <\/span><\/div><div class=\"anno\"><span class=\"prefix\"><\/span><span class=\"value\">2022<\/span><span class=\"suffix\"><\/span><\/div><div class=\"pag_inizio\"><span class=\"prefix\">, pp. <\/span><span class=\"value\">169<\/span><span class=\"suffix\">-<\/span><\/div><div class=\"pag_fine\"><span class=\"prefix\"><\/span><span class=\"value\">178<\/span><span class=\"suffix\"><\/span><\/div>\n    <\/li>\n        <li>\n\n        <div class=\"stringa_autori\"><span class=\"prefix\"><\/span><span class=\"value\">Cimatti, Alessandro; Corfini, Sara; Cristoforetti, Luca; Di Natale, Marco; Griggio, Alberto; Puri, Stefano; Tonetta, Stefano<\/span><span class=\"suffix\">, <\/span><\/div>\n        <div class=\"titolo\"><span class=\"prefix\"><\/span><span class=\"value\"><a href='https:\/\/dl.acm.org\/doi\/10.1145\/3550355.3552408'>A comprehensive framework for the analysis of automotive systems<\/a><\/span><span class=\"suffix\">, <\/span><\/div><div class=\"titolo_libro\"><span class=\"prefix\"><\/span><span class=\"value\">Proceedings of the 25th International Conference on Model Driven Engineering Languages and Systems, MODELS 2022<\/span><span class=\"suffix\">, <\/span><\/div><div class=\"anno\"><span class=\"prefix\"><\/span><span class=\"value\">2022<\/span><span class=\"suffix\"><\/span><\/div><div class=\"pag_inizio\"><span class=\"prefix\">, pp. <\/span><span class=\"value\">379<\/span><span class=\"suffix\">-<\/span><\/div><div class=\"pag_fine\"><span class=\"prefix\"><\/span><span class=\"value\">389<\/span><span class=\"suffix\"><\/span><\/div>\n    <\/li>\n        <li>\n\n        <div class=\"stringa_autori\"><span class=\"prefix\"><\/span><span class=\"value\">Cimatti, Alessandro; Griggio, Alberto; Redondi, Gianluca<\/span><span class=\"suffix\">, <\/span><\/div>\n        <div class=\"titolo\"><span class=\"prefix\"><\/span><span class=\"value\"><a href='https:\/\/link.springer.com\/chapter\/10.1007\/978-3-031-19992-9_10'>Verification of\u00a0SMT Systems with\u00a0Quantifiers<\/a><\/span><span class=\"suffix\">, <\/span><\/div><div class=\"titolo_libro\"><span class=\"prefix\"><\/span><span class=\"value\">Automated Technology for Verification and Analysis - 20th International Symposium, ATVA 2022, Virtual Event, October 25-28, 2022, Proceedings<\/span><span class=\"suffix\">, <\/span><\/div><div class=\"volume\"><span class=\"prefix\">vol. <\/span><span class=\"value\">13505<\/span><span class=\"suffix\">, <\/span><\/div><div class=\"anno\"><span class=\"prefix\"><\/span><span class=\"value\">2022<\/span><span class=\"suffix\"><\/span><\/div><div class=\"pag_inizio\"><span class=\"prefix\">, pp. <\/span><span class=\"value\">154<\/span><span class=\"suffix\">-<\/span><\/div><div class=\"pag_fine\"><span class=\"prefix\"><\/span><span class=\"value\">170<\/span><span class=\"suffix\"><\/span><\/div>\n    <\/li>\n        <li>\n\n        <div class=\"stringa_autori\"><span class=\"prefix\"><\/span><span class=\"value\">Cimatti, Alessandro; Griggio, Alberto; Lipparini, Enrico; Sebastiani, Roberto<\/span><span class=\"suffix\">, <\/span><\/div>\n        <div class=\"titolo\"><span class=\"prefix\"><\/span><span class=\"value\"><a href='https:\/\/link.springer.com\/chapter\/10.1007\/978-3-031-19992-9_9'>Handling Polynomial and\u00a0Transcendental Functions in\u00a0SMT via\u00a0Unconstrained Optimisation and\u00a0Topological Degree Test<\/a><\/span><span class=\"suffix\">, <\/span><\/div><div class=\"titolo_libro\"><span class=\"prefix\"><\/span><span class=\"value\">Automated Technology for Verification and Analysis - 20th International Symposium, ATVA 2022, Virtual Event, October 25-28, 2022, Proceedings<\/span><span class=\"suffix\">, <\/span><\/div><div class=\"volume\"><span class=\"prefix\">vol. <\/span><span class=\"value\">13505<\/span><span class=\"suffix\">, <\/span><\/div><div class=\"anno\"><span class=\"prefix\"><\/span><span class=\"value\">2022<\/span><span class=\"suffix\"><\/span><\/div><div class=\"pag_inizio\"><span class=\"prefix\">, pp. <\/span><span class=\"value\">137<\/span><span class=\"suffix\">-<\/span><\/div><div class=\"pag_fine\"><span class=\"prefix\"><\/span><span class=\"value\">153<\/span><span class=\"suffix\"><\/span><\/div>\n    <\/li>\n        <li>\n\n        <div class=\"stringa_autori\"><span class=\"prefix\"><\/span><span class=\"value\">Cimatti, Alessandro; Griggio, Alberto; Tonetta, Stefano<\/span><span class=\"suffix\">, <\/span><\/div>\n        <div class=\"titolo\"><span class=\"prefix\"><\/span><span class=\"value\"><a href='http:\/\/ceur-ws.org\/Vol-3185\/extended9547.pdf'>The VMT-LIB Language and Tools<\/a><\/span><span class=\"suffix\">, <\/span><\/div><div class=\"titolo_libro\"><span class=\"prefix\"><\/span><span class=\"value\">Proceedings of the 20th Internal Workshop on Satisfiability ModuloTheories co-located with the 11th International Joint Conference onAutomated Reasoning {(IJCAR} 2022) part of the 8th Federated LogicConference (FLoC 2022), Haifa, Israel, August 11-12, 2022<\/span><span class=\"suffix\">, <\/span><\/div><div class=\"nome_editore\"><span class=\"prefix\"><\/span><span class=\"value\">CEUR-WS.org<\/span><span class=\"suffix\">, <\/span><\/div><div class=\"volume\"><span class=\"prefix\">vol. <\/span><span class=\"value\">3185<\/span><span class=\"suffix\">, <\/span><\/div><div class=\"anno\"><span class=\"prefix\"><\/span><span class=\"value\">2022<\/span><span class=\"suffix\"><\/span><\/div><div class=\"pag_inizio\"><span class=\"prefix\">, pp. <\/span><span class=\"value\">80<\/span><span class=\"suffix\">-<\/span><\/div><div class=\"pag_fine\"><span class=\"prefix\"><\/span><span class=\"value\">89<\/span><span class=\"suffix\"><\/span><\/div>\n    <\/li>\n            <\/ol>\n\n        <div class=\"archive-pagination\"><ul class='page-numbers'>\n\t<li><span aria-current=\"page\" class=\"page-numbers current\">1<\/span><\/li>\n\t<li><a class=\"page-numbers\" href=\"https:\/\/es.fbk.eu\/index.php\/wp-json\/wp\/v2\/pages\/1691\/\/page\/2\">2<\/a><\/li>\n\t<li><a class=\"page-numbers\" href=\"https:\/\/es.fbk.eu\/index.php\/wp-json\/wp\/v2\/pages\/1691\/\/page\/3\">3<\/a><\/li>\n\t<li><span class=\"page-numbers dots\">&hellip;<\/span><\/li>\n\t<li><a class=\"page-numbers\" href=\"https:\/\/es.fbk.eu\/index.php\/wp-json\/wp\/v2\/pages\/1691\/\/page\/27\">27<\/a><\/li>\n\t<li><a class=\"next page-numbers\" href=\"https:\/\/es.fbk.eu\/index.php\/wp-json\/wp\/v2\/pages\/1691\/\/page\/2\"><\/a><\/li>\n<\/ul>\n<\/div>\n[\/et_pb_text][\/et_pb_column]\n\t\t\t[\/et_pb_row]\n\t\t[\/et_pb_section]","protected":false},"excerpt":{"rendered":"<p>[et_pb_section admin_label=&#8221;section&#8221;] [et_pb_row admin_label=&#8221;row&#8221;] [et_pb_column type=&#8221;4_4&#8243;][et_pb_text admin_label=&#8221;Text&#8221;][\/et_pb_text][\/et_pb_column] [\/et_pb_row] [\/et_pb_section]<\/p>\n","protected":false},"author":1,"featured_media":0,"parent":0,"menu_order":0,"comment_status":"closed","ping_status":"closed","template":"","meta":{"_et_pb_use_builder":"on","_et_pb_old_content":"<!-- wp:shortcode -->\n[publications]\n<!-- \/wp:shortcode -->","_et_gb_content_width":"","footnotes":""},"class_list":["post-1691","page","type-page","status-publish","hentry"],"_links":{"self":[{"href":"https:\/\/es.fbk.eu\/index.php\/wp-json\/wp\/v2\/pages\/1691","targetHints":{"allow":["GET"]}}],"collection":[{"href":"https:\/\/es.fbk.eu\/index.php\/wp-json\/wp\/v2\/pages"}],"about":[{"href":"https:\/\/es.fbk.eu\/index.php\/wp-json\/wp\/v2\/types\/page"}],"author":[{"embeddable":true,"href":"https:\/\/es.fbk.eu\/index.php\/wp-json\/wp\/v2\/users\/1"}],"replies":[{"embeddable":true,"href":"https:\/\/es.fbk.eu\/index.php\/wp-json\/wp\/v2\/comments?post=1691"}],"version-history":[{"count":5,"href":"https:\/\/es.fbk.eu\/index.php\/wp-json\/wp\/v2\/pages\/1691\/revisions"}],"predecessor-version":[{"id":1700,"href":"https:\/\/es.fbk.eu\/index.php\/wp-json\/wp\/v2\/pages\/1691\/revisions\/1700"}],"wp:attachment":[{"href":"https:\/\/es.fbk.eu\/index.php\/wp-json\/wp\/v2\/media?parent=1691"}],"curies":[{"name":"wp","href":"https:\/\/api.w.org\/{rel}","templated":true}]}}